{"id":103,"date":"2017-08-22T19:07:23","date_gmt":"2017-08-22T22:07:23","guid":{"rendered":"https:\/\/starcomunicaciones.ar\/nuevo\/?page_id=103"},"modified":"2020-04-23T11:25:56","modified_gmt":"2020-04-23T14:25:56","slug":"novedades","status":"publish","type":"page","link":"https:\/\/starcomunicaciones.ar\/nuevo\/novedades\/","title":{"rendered":"Novedades"},"content":{"rendered":"<p><strong>Actualice al nuevo sistema Astrum X 2020<img loading=\"lazy\" decoding=\"async\" class=\"wp-image-166 alignright\" src=\"https:\/\/starcomunicaciones.ar\/nuevo\/wp-content\/uploads\/2017\/08\/unified-communcations.jpg\" alt=\"\" width=\"372\" height=\"197\" srcset=\"https:\/\/starcomunicaciones.ar\/nuevo\/wp-content\/uploads\/2017\/08\/unified-communcations.jpg 850w, https:\/\/starcomunicaciones.ar\/nuevo\/wp-content\/uploads\/2017\/08\/unified-communcations-300x159.jpg 300w, https:\/\/starcomunicaciones.ar\/nuevo\/wp-content\/uploads\/2017\/08\/unified-communcations-768x407.jpg 768w\" sizes=\"auto, (max-width: 372px) 100vw, 372px\" \/><\/strong><br \/>\nDesde que comenz\u00f3 Astrum en el a\u00f1o 2010 hemos manteniendo el sistema teniendo como premisa que las comunicaciones empresariales son muy importantes y vitales para el d\u00eda a d\u00eda, y es por esto que Astrum se consolid\u00f3 como una alternativa s\u00f3lida con crecimiento constante en<br \/>\nclientes de todo tipo y tama\u00f1o.<br \/>\nEn el a\u00f1o 2013 lanzamos Astrum Nano, un equipo chico que nos permiti\u00f3 desarrollar un sistema completamente nuevo que nos sirviese como<br \/>\nbase para un sistema m\u00e1s moderno, y luego de varios meses de desarrollo, en el a\u00f1o 2016 lanzamos el cambio en los equipos nuevos.<br \/>\nA 7 a\u00f1os de que el sistema nuevo est\u00e1 en funcionamiento en muchas empresas importantes, queremos que todos los sistemas Astrum tengan<br \/>\nla nueva aplicaci\u00f3n.<br \/>\nLa oportunidad de tener un sistema nuevo sin perder su inversi\u00f3n original.<br \/>\nOfrecemos cambiar el software del sistema Astrum por un sistema nuevo, manteniendo su configuraci\u00f3n original pero con la ventaja de tener<br \/>\nel equipo al d\u00eda con el hardware actual. Tambi\u00e9n le podemos ofrecer un cambio de hardware manteniendo su gabinete Astrum.<\/p>\n<p><strong>Ventajas de actualizar<\/strong><br \/>\n&#8211; Los sistemas Linux tienen un periodo de soporte que var\u00eda seg\u00fan la versi\u00f3n instalada. En el caso de los equipos Astrum viejos llevan Centos 5<br \/>\nde 32bits cuyo soporte ya no est\u00e1 vigente. Los sistemas nuevos llevan Centos 6 de 64bits que aprovechan al m\u00e1ximo el hardware y tienen<br \/>\nactualizaciones hasta el final del a\u00f1o 2020 (https:\/\/wiki.centos.org\/About\/Product)<br \/>\n&#8211; Extensi\u00f3n de garant\u00eda de Astrum por 6 meses<br \/>\n&#8211; El sistema viejo tiene Asterisk 1.8.32 cuya fecha de fin de vida fu\u00e9 en el 2015. En el sistema nuevo se instala Asterisk 13 cuya fecha de fin de<br \/>\nvida es para el final del 2021. Adem\u00e1s el nuevo sistema Astrum es compatible con todas las versiones de Asterisk<br \/>\n(https:\/\/wiki.asterisk.org\/wiki\/display\/AST\/Asterisk+Versions)<br \/>\n&#8211; Al instalar el sistema nuevo se instala un disco de estado solido nuevo, mejorando la performance del equipo en s\u00ed.<br \/>\n&#8211; No pierde informaci\u00f3n, ni datos, ni configuraciones. Todo se mantendr\u00e1 igual.<\/p>\n","protected":false},"excerpt":{"rendered":"<p>Actualice al nuevo sistema Astrum X 2020 Desde que comenz\u00f3 Astrum en el a\u00f1o 2010 hemos manteniendo el sistema teniendo como premisa que las comunicaciones empresariales son muy importantes y vitales para el d\u00eda a d\u00eda, y es por esto<\/p>\n","protected":false},"author":2,"featured_media":0,"parent":0,"menu_order":0,"comment_status":"closed","ping_status":"closed","template":"","meta":{"footnotes":""},"class_list":["post-103","page","type-page","status-publish","hentry"],"_links":{"self":[{"href":"https:\/\/starcomunicaciones.ar\/nuevo\/wp-json\/wp\/v2\/pages\/103","targetHints":{"allow":["GET"]}}],"collection":[{"href":"https:\/\/starcomunicaciones.ar\/nuevo\/wp-json\/wp\/v2\/pages"}],"about":[{"href":"https:\/\/starcomunicaciones.ar\/nuevo\/wp-json\/wp\/v2\/types\/page"}],"author":[{"embeddable":true,"href":"https:\/\/starcomunicaciones.ar\/nuevo\/wp-json\/wp\/v2\/users\/2"}],"replies":[{"embeddable":true,"href":"https:\/\/starcomunicaciones.ar\/nuevo\/wp-json\/wp\/v2\/comments?post=103"}],"version-history":[{"count":4,"href":"https:\/\/starcomunicaciones.ar\/nuevo\/wp-json\/wp\/v2\/pages\/103\/revisions"}],"predecessor-version":[{"id":208,"href":"https:\/\/starcomunicaciones.ar\/nuevo\/wp-json\/wp\/v2\/pages\/103\/revisions\/208"}],"wp:attachment":[{"href":"https:\/\/starcomunicaciones.ar\/nuevo\/wp-json\/wp\/v2\/media?parent=103"}],"curies":[{"name":"wp","href":"https:\/\/api.w.org\/{rel}","templated":true}]}}