{"id":181,"date":"2018-07-10T14:44:15","date_gmt":"2018-07-10T17:44:15","guid":{"rendered":"https:\/\/starcomunicaciones.ar\/nuevo\/?page_id=181"},"modified":"2018-07-10T15:07:53","modified_gmt":"2018-07-10T18:07:53","slug":"astrum-nube","status":"publish","type":"page","link":"https:\/\/starcomunicaciones.ar\/nuevo\/astrum-nube\/","title":{"rendered":"Astrum Nube"},"content":{"rendered":"<div class=\"et_pb_module et_pb_text et_pb_text_0 et_pb_bg_layout_light et_pb_text_align_left\">\n<div class=\"et_pb_text_inner\">\n<p><strong>La evoluci\u00f3n de las comunicaciones<\/strong><br \/>\nEn muchas empresas se est\u00e1 hablando de \u201cCloud Computing\u201d y de \u201cSoftware como Servicio\u201d (SAS) ya que son muchos los beneficios que estas<img loading=\"lazy\" decoding=\"async\" class=\"wp-image-184 alignright\" src=\"https:\/\/starcomunicaciones.ar\/nuevo\/wp-content\/uploads\/2018\/07\/telefono_ubiquiti.jpg\" alt=\"\" width=\"433\" height=\"313\" srcset=\"https:\/\/starcomunicaciones.ar\/nuevo\/wp-content\/uploads\/2018\/07\/telefono_ubiquiti.jpg 1200w, https:\/\/starcomunicaciones.ar\/nuevo\/wp-content\/uploads\/2018\/07\/telefono_ubiquiti-300x217.jpg 300w, https:\/\/starcomunicaciones.ar\/nuevo\/wp-content\/uploads\/2018\/07\/telefono_ubiquiti-768x555.jpg 768w, https:\/\/starcomunicaciones.ar\/nuevo\/wp-content\/uploads\/2018\/07\/telefono_ubiquiti-1024x740.jpg 1024w\" sizes=\"auto, (max-width: 433px) 100vw, 433px\" \/><br \/>\ntecnolog\u00edas brindan al tener software de ultima generaci\u00f3n actualizado y con un costo de licenciamiento muy bajo. Grandes empresas han<br \/>\nmigrado todos sus servidores a soluciones en la nube, y hoy los costos han mejorado dando posibilidad a nuevos horizontes para las Pymes.<br \/>\nEn este nuevo mundo tambi\u00e9n est\u00e1n las centrales telef\u00f3nicas en la nube, como Astrum.<br \/>\n<strong>\u00bfPero que es una Central Telef\u00f3nica VoIP en la nube?<\/strong><br \/>\nEs una soluci\u00f3n de telefon\u00eda para empresas que no requiere la compra de una central telef\u00f3nica y permite libertad ya que es posible tener<br \/>\npersonas trabajando en diferentes sitios y a\u00fan as\u00ed estar comunicados por interno como si estuvieran en el mismo lugar con su vieja central<br \/>\ntelef\u00f3nica.<br \/>\nCon Astrum Nube podr\u00e1 disminuir costos en mantenimiento y riesgos de perdidas de datos ya que nuestros equipos operan en servidores de<br \/>\n\u00faltima generaci\u00f3n con servicio dedicado de internet y backup de energ\u00eda permanente.<br \/>\nAdem\u00e1s le permite m\u00e1s flexibilidad y escalabilidad que una central tradicional, pudiendo en pocos pasos y al instante agregar mas l\u00edneas,<br \/>\ninternos o incluso mensajes de audio o correo de voz, sin necesidad de adquirir equipamiento costoso adicional.<\/p>\n<p><img loading=\"lazy\" decoding=\"async\" class=\"wp-image-62 alignleft\" src=\"https:\/\/starcomunicaciones.ar\/nuevo\/wp-content\/uploads\/2017\/08\/row-4-100705504-large.3x2.jpg\" alt=\"\" width=\"521\" height=\"348\" srcset=\"https:\/\/starcomunicaciones.ar\/nuevo\/wp-content\/uploads\/2017\/08\/row-4-100705504-large.3x2.jpg 1280w, https:\/\/starcomunicaciones.ar\/nuevo\/wp-content\/uploads\/2017\/08\/row-4-100705504-large.3x2-300x200.jpg 300w, https:\/\/starcomunicaciones.ar\/nuevo\/wp-content\/uploads\/2017\/08\/row-4-100705504-large.3x2-768x512.jpg 768w, https:\/\/starcomunicaciones.ar\/nuevo\/wp-content\/uploads\/2017\/08\/row-4-100705504-large.3x2-1024x683.jpg 1024w\" sizes=\"auto, (max-width: 521px) 100vw, 521px\" \/><\/p>\n<h2 style=\"text-align: center;\"><em><strong>\u00a1Tenga un sistema en la nube desde u$s 30 (*) por mes!<\/strong><\/em><\/h2>\n<p><strong>El sistema m\u00e1s completo y accesible del mercado<\/strong><br \/>\nAstrum es una soluci\u00f3n completa dise\u00f1ada para ayudar a su negocio optimizando el recurso<br \/>\nhumano y ahorrando tiempo y dinero en resolver funciones especificas de las empresas<br \/>\nmodernas.<br \/>\nAstrum est\u00e1 presente en muchas empresas de todo tipo y tama\u00f1o, y muchas de esas empresas<br \/>\ndedican una parte importante a la atenci\u00f3n al cliente y comercializaci\u00f3n telef\u00f3nica. Gracias a<br \/>\nesto, hemos logrado realizar una plataforma robusta, \u00e1gil y de f\u00e1cil mantenimiento, permitiendo<br \/>\ncrecer a futuro sobre una base solida y amigable.<\/p>\n<\/div>\n<p><strong>Astrum tiene muchas funciones b\u00e1sicas y avanzadas, incluyendo:<\/strong><br \/>\n&#8211; Transferencia con y sin consulta &#8211; Agenda compartida y propia, configurable via web con Click to Call<br \/>\n&#8211; Monitoreo de estado de internos y lineas (BLF) &#8211; Claves para llamadas salientes configuradas con Clase de Servicio<br \/>\n&#8211; Enrutamiento de llamadas seg\u00fan Caller ID (Incluye funcion de Lista Negra) &#8211; Grupo de llamadas ACD con reportes via Web y consola de supervisor<br \/>\n&#8211; Rediscado automatico &#8211; Integraci\u00f3n con Skype, GoogleTalk, Android, iOS, Windows, Linux<br \/>\n&#8211; Llamada automatica a interno ocupado &#8211; Discador automatico<br \/>\n&#8211; Reserva de linea &#8211; Agenda integrada con Yealink<br \/>\n&#8211; Reportes de llamada y Tarifacion &#8211; Correo de Voz<br \/>\n&#8211; Desvio de llamadas para interno ocupado, no disponible y total &#8211; Envio de mensajes de audio (correo de voz) por email<br \/>\n&#8211; Desvio de llamadas a linea externa &#8211; Programaci\u00f3n y Control Total via Web<br \/>\n&#8211; Grabacion de llamadas &#8211; Login Logout<br \/>\n&#8211; Captura de llamadas Grupal y Dirigida &#8211; Candado Electronico<br \/>\n&#8211; Clases de servicio &#8211; Consola de internos via Web compatible con Android, iOS, Windows, Linux<br \/>\n&#8211; Temporizador de llamadas salientes &#8211; Mensaje de Estado (ej: Sal\u00ed a Almorzar, Vacaciones, etc)<br \/>\n&#8211; Rutas salientes seg\u00fan horario y costos &#8211; Funci\u00f3n Jefe Secretaria<br \/>\n&#8211; Llamada en Espera &#8211; Envio de Fax Via Web<br \/>\n&#8211; Identificacion de llamadas en todos los internos &#8211; Escucha de llamadas en tiempo real e intercalaci\u00f3n<br \/>\n&#8211; Salas de Conferencia &#8211; Portero IP con Abrepuertas<br \/>\n&#8211; Modo Dia, Noche, Almuerzo, Feriados, Fin de Semana &#8211; M\u00f3dulo de Dom\u00f3tica para controlar luces, sensores, aspersores, etc<br \/>\n&#8211; Horarios de atenci\u00f3n programables en forma manual y automatica &#8211; Backups programables por dia, semana, mes<br \/>\n&#8211; Configuraci\u00f3n de timbre seg\u00fan tipo de llamada &#8211; Backup accesible via carpeta de archivos remota<br \/>\n&#8211; Fax Server integrado &#8211; Autoguardado de backup por FTP<br \/>\n&#8211; Firewall configurable &#8211; Configuracion masiva de internos<br \/>\n&#8211; Desborde de llamadas a grupos, internos o linea externa &#8211; Menu programable<br \/>\n&#8211; Preatendedor (IVR) &#8211; Configuracion de acceso al panel para usuarios<br \/>\n&#8211; Buscapersonas\/ Intercomunicador &#8211; Consola de internos personalizable por usuario<br \/>\n&#8211; Movilidad, clase de servicio caminante y funciones de transferencia en linea externa &#8211; Audios en espa\u00f1ol<br \/>\n&#8211; Varios tipos de musica en espera configurables por grupo de atencion<\/p>\n<\/div>\n<p>&nbsp;<\/p>\n<p>&nbsp;<\/p>\n<p><em>(*): Un sistema Astrum X en la nube, 100% de uso exclusivo del adquiriente (no compartido), hasta 20 internos VoIP. Podr\u00e1 contratar cualquier proveedor de lineas IP o anal\u00f3gicas adquiriendo servicios o equipamiento adicional. No incluye licencia para call centers. No incluye impuestos. Consultenos sin compromiso.\u00a0<\/em><\/p>\n<div class=\"everest-forms\"><div class=\"evf-container default\" id=\"evf-177\"><form id=\"evf-form-177\" class=\"everest-form\" data-formid=\"177\" data-ajax_submission=\"0\" data-keyboard_friendly_form=\"0\" data-form_state_type=\"\" method=\"post\" enctype=\"multipart\/form-data\" action=\"\/nuevo\/wp-json\/wp\/v2\/pages\/181\"><div class=\"evf-field-container\"><input type=\"hidden\" id=\"_wpnonce177\" name=\"_wpnonce177\" value=\"bd39eeea49\" \/><input type=\"hidden\" name=\"_wp_http_referer\" value=\"\/nuevo\/wp-json\/wp\/v2\/pages\/181\" \/><div class=\"evf-frontend-row\" data-row=\"row_1\" conditional_rules=\"[]\"><div class=\"evf-frontend-grid evf-grid-1\" data-grid=\"grid_1\"><div id=\"evf-177-field_fullname-container\" class=\"evf-field evf-field-text form-row validate-required\" data-required-field-message=\"This field is required.\" data-field-id=\"fullname\"><label class=\"evf-field-label\" for=\"evf-177-field_fullname\"><span class=\"evf-label\">Nombre<\/span> <abbr class=\"required\" title=\"Obligatorio\">*<\/abbr><\/label><input type=\"text\" id=\"evf-177-field_fullname\" class=\"input-text\" name=\"everest_forms[form_fields][fullname]\" required><\/div><div id=\"evf-177-field_email-container\" class=\"evf-field evf-field-email form-row validate-required validate-email\" data-required-field-message=\"Please enter a valid email address.\" data-field-id=\"email\"><label class=\"evf-field-label\" for=\"evf-177-field_email\"><span class=\"evf-label\">Email<\/span> <abbr class=\"required\" title=\"Obligatorio\">*<\/abbr><\/label><input type=\"email\" id=\"evf-177-field_email\" class=\"input-text\" name=\"everest_forms[form_fields][email]\" required ><\/div><div id=\"evf-177-field_subject-container\" class=\"evf-field evf-field-text form-row validate-required\" data-required-field-message=\"This field is required.\" data-field-id=\"subject\"><label class=\"evf-field-label\" for=\"evf-177-field_subject\"><span class=\"evf-label\">Asunto<\/span> <abbr class=\"required\" title=\"Obligatorio\">*<\/abbr><\/label><input type=\"text\" id=\"evf-177-field_subject\" class=\"input-text\" name=\"everest_forms[form_fields][subject]\" required><\/div><div id=\"evf-177-field_message-container\" class=\"evf-field evf-field-textarea form-row\" data-field-id=\"message\"><label class=\"evf-field-label\" for=\"evf-177-field_message\"><span class=\"evf-label\">Mensaje<\/span> <\/label><textarea id=\"evf-177-field_message\" class=\"input-text\" name=\"everest_forms[form_fields][message]\"  ><\/textarea><\/div><\/div><\/div><\/div><div class=\"evf-submit-container \" ><input type=\"hidden\" name=\"everest_forms[id]\" value=\"177\"><input type=\"hidden\" name=\"everest_forms[author]\" value=\"2\"><button type='submit' name='everest_forms[submit]' class='everest-forms-submit-button button evf-submit ' id='evf-submit-177' value='evf-submit' data-process-text=\"Procesando...\" conditional_rules='&quot;&quot;' conditional_id='evf-submit-177'  id=\"evf-submit-177\" aria-live=\"assertive\">Enviar<\/button><\/div><\/form><\/div><!-- .evf-container --><\/div>\n","protected":false},"excerpt":{"rendered":"<p>La evoluci\u00f3n de las comunicaciones En muchas empresas se est\u00e1 hablando de \u201cCloud Computing\u201d y de \u201cSoftware como Servicio\u201d (SAS) ya que son muchos los beneficios que estas tecnolog\u00edas brindan al tener software de ultima generaci\u00f3n actualizado y con un<\/p>\n","protected":false},"author":2,"featured_media":0,"parent":0,"menu_order":0,"comment_status":"closed","ping_status":"closed","template":"","meta":{"footnotes":""},"class_list":["post-181","page","type-page","status-publish","hentry"],"_links":{"self":[{"href":"https:\/\/starcomunicaciones.ar\/nuevo\/wp-json\/wp\/v2\/pages\/181","targetHints":{"allow":["GET"]}}],"collection":[{"href":"https:\/\/starcomunicaciones.ar\/nuevo\/wp-json\/wp\/v2\/pages"}],"about":[{"href":"https:\/\/starcomunicaciones.ar\/nuevo\/wp-json\/wp\/v2\/types\/page"}],"author":[{"embeddable":true,"href":"https:\/\/starcomunicaciones.ar\/nuevo\/wp-json\/wp\/v2\/users\/2"}],"replies":[{"embeddable":true,"href":"https:\/\/starcomunicaciones.ar\/nuevo\/wp-json\/wp\/v2\/comments?post=181"}],"version-history":[{"count":12,"href":"https:\/\/starcomunicaciones.ar\/nuevo\/wp-json\/wp\/v2\/pages\/181\/revisions"}],"predecessor-version":[{"id":203,"href":"https:\/\/starcomunicaciones.ar\/nuevo\/wp-json\/wp\/v2\/pages\/181\/revisions\/203"}],"wp:attachment":[{"href":"https:\/\/starcomunicaciones.ar\/nuevo\/wp-json\/wp\/v2\/media?parent=181"}],"curies":[{"name":"wp","href":"https:\/\/api.w.org\/{rel}","templated":true}]}}